{"id":559,"date":"2025-11-13T20:01:36","date_gmt":"2025-11-13T19:01:36","guid":{"rendered":"http:\/\/www.rosevo.se\/?page_id=559"},"modified":"2025-11-22T12:45:11","modified_gmt":"2025-11-22T11:45:11","slug":"valkommen-till-samarbetsportalen","status":"publish","type":"page","link":"https:\/\/www.rosevo.se\/?page_id=559","title":{"rendered":"Samarbetsportalen"},"content":{"rendered":"\n<p>Arbetet p\u00e5g\u00e5r p\u00e5 annat h\u00e5ll med uppbyggnad av en webb-baserad samarbetsportal som kan ers\u00e4tta k\u00e4nda sociala medier. <\/p>\n\n\n\n<p>Samarbetsportalen kommer att inneh\u00e5lla funktioner som underl\u00e4ttar f\u00f6r samverkan mellan personer\/hush\u00e5ll i lokalsamh\u00e4llet\/kvarteret.<\/p>\n\n\n\n<p>H\u00e4r kommer vi senare att beskriva portalen n\u00e4r den \u00e4r klar f\u00f6r spridning.<\/p>\n\n\n\n<p><a href=\"http:\/\/www.rosevo.se\/\">\u00c5TER TILL MENY<\/a><\/p>\n","protected":false},"excerpt":{"rendered":"<p>Arbetet p\u00e5g\u00e5r p\u00e5 annat h\u00e5ll med uppbyggnad av en webb-baserad samarbetsportal som kan ers\u00e4tta k\u00e4nda sociala medier. Samarbetsportalen kommer att inneh\u00e5lla funktioner som underl\u00e4ttar f\u00f6r samverkan mellan personer\/hush\u00e5ll i lokalsamh\u00e4llet\/kvarteret. H\u00e4r kommer vi senare att beskriva portalen n\u00e4r den \u00e4r &hellip; <a href=\"https:\/\/www.rosevo.se\/?page_id=559\">Forts\u00e4tt l\u00e4sa <span class=\"meta-nav\">&rarr;<\/span><\/a><\/p>\n","protected":false},"author":1,"featured_media":0,"parent":0,"menu_order":0,"comment_status":"closed","ping_status":"closed","template":"","meta":{"footnotes":""},"class_list":["post-559","page","type-page","status-publish","hentry"],"_links":{"self":[{"href":"https:\/\/www.rosevo.se\/index.php?rest_route=\/wp\/v2\/pages\/559","targetHints":{"allow":["GET"]}}],"collection":[{"href":"https:\/\/www.rosevo.se\/index.php?rest_route=\/wp\/v2\/pages"}],"about":[{"href":"https:\/\/www.rosevo.se\/index.php?rest_route=\/wp\/v2\/types\/page"}],"author":[{"embeddable":true,"href":"https:\/\/www.rosevo.se\/index.php?rest_route=\/wp\/v2\/users\/1"}],"replies":[{"embeddable":true,"href":"https:\/\/www.rosevo.se\/index.php?rest_route=%2Fwp%2Fv2%2Fcomments&post=559"}],"version-history":[{"count":5,"href":"https:\/\/www.rosevo.se\/index.php?rest_route=\/wp\/v2\/pages\/559\/revisions"}],"predecessor-version":[{"id":574,"href":"https:\/\/www.rosevo.se\/index.php?rest_route=\/wp\/v2\/pages\/559\/revisions\/574"}],"wp:attachment":[{"href":"https:\/\/www.rosevo.se\/index.php?rest_route=%2Fwp%2Fv2%2Fmedia&parent=559"}],"curies":[{"name":"wp","href":"https:\/\/api.w.org\/{rel}","templated":true}]}}