{"id":48,"date":"2014-01-21T21:18:39","date_gmt":"2014-01-21T20:18:39","guid":{"rendered":"http:\/\/dev.rosevo.se\/?page_id=48"},"modified":"2024-10-08T16:39:12","modified_gmt":"2024-10-08T14:39:12","slug":"tjanster-foretag-2","status":"publish","type":"page","link":"https:\/\/www.rosevo.se\/?page_id=48","title":{"rendered":"Verksamhetsutveckling"},"content":{"rendered":"<h4>Vid alla former av verksamhetsutveckling till\u00e4mpar vid v\u00e5r eget utvecklingskoncept som vi kallar LPQ (L\u00e4rande Processer f\u00f6r Qvalitet)<\/h4>\n<p>Grundbultar f\u00f6r konceptet:<\/p>\n<ul>\n<li>Baseras p\u00e5 principerna f\u00f6r l\u00e4rande organisation<\/li>\n<li>Utg\u00e5r fr\u00e5n kundens behov<\/li>\n<li>H\u00f6g delaktighet<\/li>\n<li>Stimulerar personalens kreativitet<\/li>\n<li>Fokus p\u00e5 f\u00f6rh\u00e5llningss\u00e4tt och relationer<\/li>\n<li>Har ett processorienterat syns\u00e4tt<\/li>\n<li>Identifierar behov av kompetensutveckling<\/li>\n<li>Resurssn\u00e5l avseende externa konsulter<\/li>\n<li>Snabb utveckling och f\u00f6rverkligande<\/li>\n<li>Ger grunden f\u00f6r ett kvalitetssystem och st\u00e4ndiga f\u00f6rb\u00e4ttringar<\/li>\n<\/ul>\n<h3><\/h3>\n<h3><\/h3>\n<div class=\"entry-content\">\n<p><a href=\"http:\/\/www.rosevo.se\/\">\u00c5TER TILL MENY<\/a><\/p>\n<p>&nbsp;<\/p>\n<\/div>\n<p>&nbsp;<\/p>\n","protected":false},"excerpt":{"rendered":"<p>Vid alla former av verksamhetsutveckling till\u00e4mpar vid v\u00e5r eget utvecklingskoncept som vi kallar LPQ (L\u00e4rande Processer f\u00f6r Qvalitet) Grundbultar f\u00f6r konceptet: Baseras p\u00e5 principerna f\u00f6r l\u00e4rande organisation Utg\u00e5r fr\u00e5n kundens behov H\u00f6g delaktighet Stimulerar personalens kreativitet Fokus p\u00e5 f\u00f6rh\u00e5llningss\u00e4tt och &hellip; <a href=\"https:\/\/www.rosevo.se\/?page_id=48\">Forts\u00e4tt l\u00e4sa <span class=\"meta-nav\">&rarr;<\/span><\/a><\/p>\n","protected":false},"author":1,"featured_media":0,"parent":0,"menu_order":3,"comment_status":"closed","ping_status":"closed","template":"","meta":{"footnotes":""},"class_list":["post-48","page","type-page","status-publish","hentry"],"_links":{"self":[{"href":"https:\/\/www.rosevo.se\/index.php?rest_route=\/wp\/v2\/pages\/48","targetHints":{"allow":["GET"]}}],"collection":[{"href":"https:\/\/www.rosevo.se\/index.php?rest_route=\/wp\/v2\/pages"}],"about":[{"href":"https:\/\/www.rosevo.se\/index.php?rest_route=\/wp\/v2\/types\/page"}],"author":[{"embeddable":true,"href":"https:\/\/www.rosevo.se\/index.php?rest_route=\/wp\/v2\/users\/1"}],"replies":[{"embeddable":true,"href":"https:\/\/www.rosevo.se\/index.php?rest_route=%2Fwp%2Fv2%2Fcomments&post=48"}],"version-history":[{"count":35,"href":"https:\/\/www.rosevo.se\/index.php?rest_route=\/wp\/v2\/pages\/48\/revisions"}],"predecessor-version":[{"id":483,"href":"https:\/\/www.rosevo.se\/index.php?rest_route=\/wp\/v2\/pages\/48\/revisions\/483"}],"wp:attachment":[{"href":"https:\/\/www.rosevo.se\/index.php?rest_route=%2Fwp%2Fv2%2Fmedia&parent=48"}],"curies":[{"name":"wp","href":"https:\/\/api.w.org\/{rel}","templated":true}]}}