{"id":46,"date":"2014-01-21T21:17:52","date_gmt":"2014-01-21T20:17:52","guid":{"rendered":"http:\/\/dev.rosevo.se\/?page_id=46"},"modified":"2025-07-30T09:35:05","modified_gmt":"2025-07-30T07:35:05","slug":"om-rosevo","status":"publish","type":"page","link":"https:\/\/www.rosevo.se\/?page_id=46","title":{"rendered":"Om Rosevo"},"content":{"rendered":"\n<p>Rosevo AB \u00e4r ett litet familjef\u00f6retag som \u00e4gs av oss: Lasse Pedersson och Karin Rosenberg. Efter v\u00e5r pensionering har vi verksamheten i bolaget som en \u201dbisyssla\u201d till pension\u00e4rslivet. Fr\u00e5n att vi arbetat med systematiskt verksamhetsutveckling har vi nu sn\u00e4vat in v\u00e5rt verksamhetsomr\u00e5de. I f\u00f6rsta hand \u00e5tar vi oss nu mindre konsultuppdrag med f\u00f6ljande inriktning:<\/p>\n\n\n\n<ul class=\"wp-block-list\">\n<li>St\u00f6d \u00e5t ledning och ledningsgrupper f\u00f6r utveckling av organisationen till en mer attraktiv &nbsp;arbetsgivare samt &nbsp;anpassning av verksamheten inf\u00f6r klimathotet.<\/li>\n\n\n\n<li>Medverka i seminarier med f\u00f6redrag\/workshops inom ovanst\u00e5ende omr\u00e5den.<\/li>\n<\/ul>\n\n\n\n<p>B\u00e5de Karin och Lasse \u00e4r f\u00f6rfattare och vi ger ut v\u00e5ra b\u00f6cker via f\u00f6rlagsverksamheten i Rosevo.<br><\/p>\n\n\n\n<p>F\u00f6r mer information om st\u00f6d f\u00f6r att bli en attraktiv arbetsgivare kontakta Karin:<a href=\"mailto:karin.rosenber@rosevo.se\">karin.rosenber@rosevo.se<\/a>\u00a0\u00a0 070-627 06 86<\/p>\n\n\n\n<p>F\u00f6r mer information om anpassning av verksamheten inf\u00f6r klimathotet kontakta Lasse:<a href=\"mailto:lasse.pedersson@rosevo.se\">lasse.pedersson@rosevo.se<\/a>\u00a0 070-374 43 37<\/p>\n\n\n<div class=\"wp-block-image\">\n<figure class=\"alignleft\"><a href=\"http:\/\/dev.rosevo.se\/wp-content\/uploads\/2014\/01\/lasse.jpg\"><img loading=\"lazy\" decoding=\"async\" width=\"128\" height=\"150\" src=\"http:\/\/dev.rosevo.se\/wp-content\/uploads\/2014\/01\/lasse-128x150.jpg\" alt=\"lasse\" class=\"wp-image-126\"\/><\/a><\/figure><\/div>\n\n\n<p><\/p>\n\n\n\n<p><b>VD: Lasse Pedersson<br><br><\/b>I hela sitt yrkesliv har\u00a0Lasse arbetet med olika former av utvecklingsarbete. Under m\u00e5nga \u00e5r stod IT i fokus d\u00e5\u00a0han i olika roller arbetade med att utveckla och inf\u00f6ra IT-system. Under de senaste 25 \u00e5ren har gradvis en f\u00f6rskjutning skett mot ett allt mer \u00f6vergripande syns\u00e4tt f\u00f6r utvecklingsarbetet. Under den tiden har\u00a0Lasse v\u00e4xlat mellan arbete i den egna konsultverksamheten och l\u00e4ngre uppdrag som anst\u00e4lld. Numera tar rollen f\u00f6rfattare merparten av arbetstiden i bolaget.<\/p>\n\n\n\n<p>Lasse \u00e4r numera pension\u00e4r och har arbetet i Rosevo som bisyssla till pension\u00e4rslivet.<\/p>\n\n\n<div class=\"wp-block-image\">\n<figure class=\"alignleft\"><img loading=\"lazy\" decoding=\"async\" width=\"128\" height=\"160\" src=\"http:\/\/www.rosevo.se\/wp-content\/uploads\/2014\/01\/karin-.jpg\" alt=\"\" class=\"wp-image-165\"\/><\/figure><\/div>\n\n\n<p><strong>Karin Rosenberg<br>\n<\/strong>Karin har ocks\u00e5 under hela sitt yrkesverksamma liv arbetat med verksamhetsutveckling med fokus p\u00e5 personalutveckling och organisationsutveckling.<br>\nKarin har nu ocks\u00e5 blivit pension\u00e4r men tar mindre uppdrag som k\u00e4nns meningsfulla.<\/p>\n\n\n\n<p>&nbsp;<\/p>\n\n\n\n<p>&nbsp;<\/p>\n\n\n\n<p>&nbsp;<\/p>\n\n\n\n<p>&nbsp;<\/p>\n\n\n\n<p><a href=\"http:\/\/www.rosevo.se\/\">\u00c5TER TILL MENY<\/a><\/p>\n\n\n\n<p>&nbsp;<\/p>\n","protected":false},"excerpt":{"rendered":"<p>Rosevo AB \u00e4r ett litet familjef\u00f6retag som \u00e4gs av oss: Lasse Pedersson och Karin Rosenberg. Efter v\u00e5r pensionering har vi verksamheten i bolaget som en \u201dbisyssla\u201d till pension\u00e4rslivet. Fr\u00e5n att vi arbetat med systematiskt verksamhetsutveckling har vi nu sn\u00e4vat in &hellip; <a href=\"https:\/\/www.rosevo.se\/?page_id=46\">Forts\u00e4tt l\u00e4sa <span class=\"meta-nav\">&rarr;<\/span><\/a><\/p>\n","protected":false},"author":1,"featured_media":0,"parent":0,"menu_order":2,"comment_status":"closed","ping_status":"closed","template":"","meta":{"footnotes":""},"class_list":["post-46","page","type-page","status-publish","hentry"],"_links":{"self":[{"href":"https:\/\/www.rosevo.se\/index.php?rest_route=\/wp\/v2\/pages\/46","targetHints":{"allow":["GET"]}}],"collection":[{"href":"https:\/\/www.rosevo.se\/index.php?rest_route=\/wp\/v2\/pages"}],"about":[{"href":"https:\/\/www.rosevo.se\/index.php?rest_route=\/wp\/v2\/types\/page"}],"author":[{"embeddable":true,"href":"https:\/\/www.rosevo.se\/index.php?rest_route=\/wp\/v2\/users\/1"}],"replies":[{"embeddable":true,"href":"https:\/\/www.rosevo.se\/index.php?rest_route=%2Fwp%2Fv2%2Fcomments&post=46"}],"version-history":[{"count":34,"href":"https:\/\/www.rosevo.se\/index.php?rest_route=\/wp\/v2\/pages\/46\/revisions"}],"predecessor-version":[{"id":504,"href":"https:\/\/www.rosevo.se\/index.php?rest_route=\/wp\/v2\/pages\/46\/revisions\/504"}],"wp:attachment":[{"href":"https:\/\/www.rosevo.se\/index.php?rest_route=%2Fwp%2Fv2%2Fmedia&parent=46"}],"curies":[{"name":"wp","href":"https:\/\/api.w.org\/{rel}","templated":true}]}}