{"id":44,"date":"2014-01-21T21:17:22","date_gmt":"2014-01-21T20:17:22","guid":{"rendered":"http:\/\/dev.rosevo.se\/?page_id=44"},"modified":"2025-11-22T12:59:52","modified_gmt":"2025-11-22T11:59:52","slug":"hem-2","status":"publish","type":"page","link":"https:\/\/www.rosevo.se\/","title":{"rendered":"V\u00e4lkommen till"},"content":{"rendered":"\n<h6 class=\"wp-block-heading\"><\/h6>\n\n\n\n<h3 class=\"wp-block-heading\"><img loading=\"lazy\" decoding=\"async\" class=\"alignleft size-full wp-image-99\" src=\"http:\/\/www.rosevo.se\/wp-content\/uploads\/2014\/01\/rosevo-liten.jpg\" alt=\"rosevo liten\" width=\"150\" height=\"25\"><\/h3>\n\n\n\n<h2 class=\"wp-block-heading\">och klimatsolidariet.se<\/h2>\n\n\n\n<h2 class=\"wp-block-heading\">Vi st\u00f6der organisationer och individer i omst\u00e4llningen till ett mer h\u00e5llbart samh\u00e4lle. <\/h2>\n\n\n\n<h2 class=\"wp-block-heading\">Under uppbyggnaden av f\u00f6reningen Klimatsolidariet.se finns en flik p\u00e5 denna hemsida. <\/h2>\n\n\n\n<h3 class=\"wp-block-heading\">\u00a0<\/h3>\n\n\n\n<p><\/p>\n","protected":false},"excerpt":{"rendered":"<p>och klimatsolidariet.se Vi st\u00f6der organisationer och individer i omst\u00e4llningen till ett mer h\u00e5llbart samh\u00e4lle. Under uppbyggnaden av f\u00f6reningen Klimatsolidariet.se finns en flik p\u00e5 denna hemsida. \u00a0<\/p>\n","protected":false},"author":1,"featured_media":99,"parent":0,"menu_order":1,"comment_status":"closed","ping_status":"closed","template":"","meta":{"footnotes":""},"class_list":["post-44","page","type-page","status-publish","has-post-thumbnail","hentry"],"_links":{"self":[{"href":"https:\/\/www.rosevo.se\/index.php?rest_route=\/wp\/v2\/pages\/44","targetHints":{"allow":["GET"]}}],"collection":[{"href":"https:\/\/www.rosevo.se\/index.php?rest_route=\/wp\/v2\/pages"}],"about":[{"href":"https:\/\/www.rosevo.se\/index.php?rest_route=\/wp\/v2\/types\/page"}],"author":[{"embeddable":true,"href":"https:\/\/www.rosevo.se\/index.php?rest_route=\/wp\/v2\/users\/1"}],"replies":[{"embeddable":true,"href":"https:\/\/www.rosevo.se\/index.php?rest_route=%2Fwp%2Fv2%2Fcomments&post=44"}],"version-history":[{"count":27,"href":"https:\/\/www.rosevo.se\/index.php?rest_route=\/wp\/v2\/pages\/44\/revisions"}],"predecessor-version":[{"id":576,"href":"https:\/\/www.rosevo.se\/index.php?rest_route=\/wp\/v2\/pages\/44\/revisions\/576"}],"wp:featuredmedia":[{"embeddable":true,"href":"https:\/\/www.rosevo.se\/index.php?rest_route=\/wp\/v2\/media\/99"}],"wp:attachment":[{"href":"https:\/\/www.rosevo.se\/index.php?rest_route=%2Fwp%2Fv2%2Fmedia&parent=44"}],"curies":[{"name":"wp","href":"https:\/\/api.w.org\/{rel}","templated":true}]}}